{"id":894,"date":"2023-05-09T11:29:34","date_gmt":"2023-05-09T09:29:34","guid":{"rendered":"https:\/\/almarmb.pl\/gallery\/"},"modified":"2024-07-31T10:26:48","modified_gmt":"2024-07-31T08:26:48","slug":"gallery","status":"publish","type":"page","link":"https:\/\/almarmb.pl\/en\/gallery\/","title":{"rendered":"Gallery"},"content":{"rendered":"<p>[et_pb_section fb_built=&#8221;1&#8243; _builder_version=&#8221;4.25.0&#8243; _module_preset=&#8221;default&#8221; use_background_color_gradient=&#8221;on&#8221; background_color_gradient_direction=&#8221;90deg&#8221; background_color_gradient_stops=&#8221;rgba(46,49,146,0.8) 0%|rgba(46,49,146,0.22) 100%&#8221; background_color_gradient_overlays_image=&#8221;on&#8221; background_image=&#8221;https:\/\/almarmb.pl\/wp-content\/uploads\/2024\/04\/baner-kontakt.webp&#8221; global_colors_info=&#8221;{}&#8221;][et_pb_row custom_padding_last_edited=&#8221;on|desktop&#8221; _builder_version=&#8221;4.21.0&#8243; _module_preset=&#8221;default&#8221; custom_padding=&#8221;60px||60px||true|false&#8221; custom_padding_tablet=&#8221;40px||40px||true|false&#8221; custom_padding_phone=&#8221;30px||30px||true|false&#8221; global_colors_info=&#8221;{}&#8221;][et_pb_column type=&#8221;4_4&#8243; _builder_version=&#8221;4.21.0&#8243; _module_preset=&#8221;default&#8221; global_colors_info=&#8221;{}&#8221;][et_pb_text _builder_version=&#8221;4.21.0&#8243; _module_preset=&#8221;default&#8221; header_font=&#8221;|700||on|||||&#8221; header_text_align=&#8221;left&#8221; header_text_color=&#8221;#FFFFFF&#8221; header_font_size=&#8221;46px&#8221; header_font_size_tablet=&#8221;36px&#8221; header_font_size_phone=&#8221;29px&#8221; header_font_size_last_edited=&#8221;on|phone&#8221; global_colors_info=&#8221;{}&#8221;]<\/p>\n<h1><span>Gallery<\/span><\/h1>\n<p>[\/et_pb_text][\/et_pb_column][\/et_pb_row][\/et_pb_section][et_pb_section fb_built=&#8221;1&#8243; custom_padding_last_edited=&#8221;on|phone&#8221; _builder_version=&#8221;4.21.0&#8243; _module_preset=&#8221;default&#8221; background_color=&#8221;#f1f5f9&#8243; custom_padding=&#8221;20px||20px||true|false&#8221; custom_padding_tablet=&#8221;10px||10px||true|false&#8221; custom_padding_phone=&#8221;5px||5px||true|false&#8221; global_colors_info=&#8221;{}&#8221;][et_pb_row use_custom_gutter=&#8221;on&#8221; gutter_width=&#8221;2&#8243; make_equal=&#8221;on&#8221; custom_padding_last_edited=&#8221;off|desktop&#8221; _builder_version=&#8221;4.25.0&#8243; background_enable_color=&#8221;off&#8221; max_width=&#8221;100%&#8221; module_alignment=&#8221;center&#8221; custom_margin=&#8221;|||&#8221; custom_margin_tablet=&#8221;|70px||10%||false&#8221; custom_margin_last_edited=&#8221;off|desktop&#8221; custom_padding=&#8221;||||false|false&#8221; custom_padding_tablet=&#8221;|||10%&#8221; hover_enabled=&#8221;0&#8243; use_custom_width=&#8221;on&#8221; width_unit=&#8221;off&#8221; custom_width_percent=&#8221;100%&#8221; global_colors_info=&#8221;{}&#8221; sticky_enabled=&#8221;0&#8243;][et_pb_column type=&#8221;4_4&#8243; _builder_version=&#8221;4.25.0&#8243; custom_padding=&#8221;|||&#8221; custom_padding_tablet=&#8221;|10%||&#8221; custom_padding_phone=&#8221;|||&#8221; custom_padding_last_edited=&#8221;off|desktop&#8221; hover_enabled=&#8221;0&#8243; global_colors_info=&#8221;{}&#8221; padding_phone=&#8221;|||&#8221; padding_tablet=&#8221;|10%||&#8221; padding_last_edited=&#8221;on|phone&#8221; custom_padding__hover=&#8221;|||&#8221; sticky_enabled=&#8221;0&#8243;][et_pb_text _builder_version=&#8221;4.25.0&#8243; text_font=&#8221;||||||||&#8221; text_font_size=&#8221;18px&#8221; text_line_height=&#8221;1.8em&#8221; header_font=&#8221;||||||||&#8221; header_2_font=&#8221;|700|||||||&#8221; header_2_font_size=&#8221;36px&#8221; header_2_letter_spacing=&#8221;2px&#8221; header_2_line_height=&#8221;1.4em&#8221; text_orientation=&#8221;center&#8221; module_alignment=&#8221;center&#8221; header_2_font_size_tablet=&#8221;38px&#8221; header_2_font_size_phone=&#8221;28px&#8221; header_2_font_size_last_edited=&#8221;on|phone&#8221; border_width_bottom=&#8221;2px&#8221; border_color_bottom=&#8221;#72D643&#8243; locked=&#8221;off&#8221; global_colors_info=&#8221;{}&#8221;]<\/p>\n<h2>View gallery<\/h2>\n<p>[\/et_pb_text][et_pb_gallery gallery_ids=&#8221;433,434,435,436,437,438,439,440,441,442,443,444,445,446,447,448,449,450,451,452,453,454,455,456,457,458,459,460,461,462,463,464,465,466,467,468,469,470,471,472,473,474,475&#8243; posts_number=&#8221;8&#8243; show_title_and_caption=&#8221;off&#8221; zoom_icon_color=&#8221;#2E3192&#8243; _builder_version=&#8221;4.25.0&#8243; _module_preset=&#8221;default&#8221; pagination_text_color=&#8221;#2E3192&#8243; border_radii=&#8221;on|10px|10px|10px|10px&#8221; global_colors_info=&#8221;{}&#8221;][\/et_pb_gallery][et_pb_video src=&#8221;https:\/\/almarmb.pl\/wp-content\/uploads\/2024\/04\/ALMAR-Montaz-video-Elka-Leszno-long-napisy-1-1.mp4&#8243; play_icon_color=&#8221;#2E3192&#8243; thumbnail_overlay_color=&#8221;RGBA(255,255,255,0)&#8221; _builder_version=&#8221;4.25.0&#8243; _module_preset=&#8221;default&#8221; border_radii=&#8221;on|15px|15px|15px|15px&#8221; global_colors_info=&#8221;{}&#8221;][\/et_pb_video][\/et_pb_column][\/et_pb_row][\/et_pb_section][et_pb_section fb_built=&#8221;1&#8243; custom_padding_last_edited=&#8221;on|phone&#8221; _builder_version=&#8221;4.25.0&#8243; _module_preset=&#8221;default&#8221; background_color=&#8221;#2E3192&#8243; use_background_color_gradient=&#8221;on&#8221; background_color_gradient_stops=&#8221;rgba(46,49,146,0.8) 0%|rgba(46,49,146,0.8) 100%&#8221; background_color_gradient_overlays_image=&#8221;on&#8221; background_image=&#8221;https:\/\/almarmb.pl\/wp-content\/uploads\/2024\/04\/baner-auta.webp&#8221; parallax=&#8221;on&#8221; parallax_method=&#8221;off&#8221; custom_padding=&#8221;20px||20px||true|false&#8221; custom_padding_tablet=&#8221;10px||10px||true|false&#8221; custom_padding_phone=&#8221;5px||5px||true|false&#8221; global_colors_info=&#8221;{}&#8221;][et_pb_row _builder_version=&#8221;4.21.0&#8243; _module_preset=&#8221;default&#8221; global_colors_info=&#8221;{}&#8221;][et_pb_column type=&#8221;4_4&#8243; _builder_version=&#8221;4.21.0&#8243; _module_preset=&#8221;default&#8221; global_colors_info=&#8221;{}&#8221;][et_pb_text content_tablet=&#8221;<\/p>\n<p>Have a question? Contact us<\/p>\n<p>&#8221; content_phone=&#8221;<\/p>\n<p>Have a question?<br \/>Contact us<\/p>\n<p>&#8221; content_last_edited=&#8221;on|desktop&#8221; _builder_version=&#8221;4.21.0&#8243; _module_preset=&#8221;default&#8221; text_font=&#8221;|||on|||||&#8221; text_text_color=&#8221;#FFFFFF&#8221; text_font_size=&#8221;24px&#8221; text_orientation=&#8221;center&#8221; custom_padding=&#8221;20px|0px|20px|0px|true|true&#8221; link_option_url=&#8221;https:\/\/almarmb.pl\/en\/contact\/&#8221; border_radii=&#8221;on|6px|6px|6px|6px&#8221; border_width_all=&#8221;2px&#8221; border_color_all=&#8221;#72D643&#8243; global_colors_info=&#8221;{}&#8221;]<\/p>\n<p>Have a question? Contact us<\/p>\n<p>[\/et_pb_text][\/et_pb_column][\/et_pb_row][\/et_pb_section]<\/p>\n","protected":false},"excerpt":{"rendered":"<p>GalleryView galleryHave a question? Contact us<\/p>\n","protected":false},"author":1,"featured_media":0,"parent":0,"menu_order":0,"comment_status":"closed","ping_status":"closed","template":"","meta":{"_et_pb_use_builder":"on","_et_pb_old_content":"","_et_gb_content_width":"","footnotes":""},"class_list":["post-894","page","type-page","status-publish","hentry"],"yoast_head":"<!-- This site is optimized with the Yoast SEO plugin v23.1 - https:\/\/yoast.com\/wordpress\/plugins\/seo\/ -->\n<title>Almar Gallery<\/title>\n<meta name=\"description\" content=\"Almar Gallery \u2013 our photos\" \/>\n<meta name=\"robots\" content=\"index, follow, max-snippet:-1, max-image-preview:large, max-video-preview:-1\" \/>\n<link rel=\"canonical\" href=\"https:\/\/almarmb.pl\/en\/gallery\/\" \/>\n<meta property=\"og:locale\" content=\"en_US\" \/>\n<meta property=\"og:type\" content=\"article\" \/>\n<meta property=\"og:title\" content=\"Almar Gallery\" \/>\n<meta property=\"og:description\" content=\"Almar Gallery \u2013 our photos\" \/>\n<meta property=\"og:url\" content=\"https:\/\/almarmb.pl\/en\/gallery\/\" \/>\n<meta property=\"og:site_name\" content=\"Firma transportowa i spedycyjna Gosty\u0144 - Almar\" \/>\n<meta property=\"article:modified_time\" content=\"2024-07-31T08:26:48+00:00\" \/>\n<meta name=\"twitter:card\" content=\"summary_large_image\" \/>\n<meta name=\"twitter:label1\" content=\"Est. reading time\" \/>\n\t<meta name=\"twitter:data1\" content=\"3 minutes\" \/>\n<script type=\"application\/ld+json\" class=\"yoast-schema-graph\">{\"@context\":\"https:\/\/schema.org\",\"@graph\":[{\"@type\":\"WebPage\",\"@id\":\"https:\/\/almarmb.pl\/en\/gallery\/\",\"url\":\"https:\/\/almarmb.pl\/en\/gallery\/\",\"name\":\"Almar Gallery\",\"isPartOf\":{\"@id\":\"https:\/\/almarmb.pl\/en\/#website\"},\"datePublished\":\"2023-05-09T09:29:34+00:00\",\"dateModified\":\"2024-07-31T08:26:48+00:00\",\"description\":\"Almar Gallery \u2013 our photos\",\"breadcrumb\":{\"@id\":\"https:\/\/almarmb.pl\/en\/gallery\/#breadcrumb\"},\"inLanguage\":\"en-US\",\"potentialAction\":[{\"@type\":\"ReadAction\",\"target\":[\"https:\/\/almarmb.pl\/en\/gallery\/\"]}]},{\"@type\":\"BreadcrumbList\",\"@id\":\"https:\/\/almarmb.pl\/en\/gallery\/#breadcrumb\",\"itemListElement\":[{\"@type\":\"ListItem\",\"position\":1,\"name\":\"Strona g\u0142\u00f3wna\",\"item\":\"https:\/\/almarmb.pl\/en\/\"},{\"@type\":\"ListItem\",\"position\":2,\"name\":\"Gallery\"}]},{\"@type\":\"WebSite\",\"@id\":\"https:\/\/almarmb.pl\/en\/#website\",\"url\":\"https:\/\/almarmb.pl\/en\/\",\"name\":\"Firma transportowa i spedycyjna Gosty\u0144 - Almar\",\"description\":\"Szukasz firmy transportowo-spedycyjnej? Zaufaj rodzinnej firmie za\u0142o\u017conej w Gostyniu! Dzia\u0142amy od 1989 roku. Zle\u0107 nam transport. Zadzwo\u0144.\",\"potentialAction\":[{\"@type\":\"SearchAction\",\"target\":{\"@type\":\"EntryPoint\",\"urlTemplate\":\"https:\/\/almarmb.pl\/en\/?s={search_term_string}\"},\"query-input\":\"required name=search_term_string\"}],\"inLanguage\":\"en-US\"}]}<\/script>\n<!-- \/ Yoast SEO plugin. -->","yoast_head_json":{"title":"Almar Gallery","description":"Almar Gallery \u2013 our photos","robots":{"index":"index","follow":"follow","max-snippet":"max-snippet:-1","max-image-preview":"max-image-preview:large","max-video-preview":"max-video-preview:-1"},"canonical":"https:\/\/almarmb.pl\/en\/gallery\/","og_locale":"en_US","og_type":"article","og_title":"Almar Gallery","og_description":"Almar Gallery \u2013 our photos","og_url":"https:\/\/almarmb.pl\/en\/gallery\/","og_site_name":"Firma transportowa i spedycyjna Gosty\u0144 - Almar","article_modified_time":"2024-07-31T08:26:48+00:00","twitter_card":"summary_large_image","twitter_misc":{"Est. reading time":"3 minutes"},"schema":{"@context":"https:\/\/schema.org","@graph":[{"@type":"WebPage","@id":"https:\/\/almarmb.pl\/en\/gallery\/","url":"https:\/\/almarmb.pl\/en\/gallery\/","name":"Almar Gallery","isPartOf":{"@id":"https:\/\/almarmb.pl\/en\/#website"},"datePublished":"2023-05-09T09:29:34+00:00","dateModified":"2024-07-31T08:26:48+00:00","description":"Almar Gallery \u2013 our photos","breadcrumb":{"@id":"https:\/\/almarmb.pl\/en\/gallery\/#breadcrumb"},"inLanguage":"en-US","potentialAction":[{"@type":"ReadAction","target":["https:\/\/almarmb.pl\/en\/gallery\/"]}]},{"@type":"BreadcrumbList","@id":"https:\/\/almarmb.pl\/en\/gallery\/#breadcrumb","itemListElement":[{"@type":"ListItem","position":1,"name":"Strona g\u0142\u00f3wna","item":"https:\/\/almarmb.pl\/en\/"},{"@type":"ListItem","position":2,"name":"Gallery"}]},{"@type":"WebSite","@id":"https:\/\/almarmb.pl\/en\/#website","url":"https:\/\/almarmb.pl\/en\/","name":"Firma transportowa i spedycyjna Gosty\u0144 - Almar","description":"Szukasz firmy transportowo-spedycyjnej? Zaufaj rodzinnej firmie za\u0142o\u017conej w Gostyniu! Dzia\u0142amy od 1989 roku. Zle\u0107 nam transport. Zadzwo\u0144.","potentialAction":[{"@type":"SearchAction","target":{"@type":"EntryPoint","urlTemplate":"https:\/\/almarmb.pl\/en\/?s={search_term_string}"},"query-input":"required name=search_term_string"}],"inLanguage":"en-US"}]}},"_links":{"self":[{"href":"https:\/\/almarmb.pl\/en\/wp-json\/wp\/v2\/pages\/894","targetHints":{"allow":["GET"]}}],"collection":[{"href":"https:\/\/almarmb.pl\/en\/wp-json\/wp\/v2\/pages"}],"about":[{"href":"https:\/\/almarmb.pl\/en\/wp-json\/wp\/v2\/types\/page"}],"author":[{"embeddable":true,"href":"https:\/\/almarmb.pl\/en\/wp-json\/wp\/v2\/users\/1"}],"replies":[{"embeddable":true,"href":"https:\/\/almarmb.pl\/en\/wp-json\/wp\/v2\/comments?post=894"}],"version-history":[{"count":1,"href":"https:\/\/almarmb.pl\/en\/wp-json\/wp\/v2\/pages\/894\/revisions"}],"predecessor-version":[{"id":895,"href":"https:\/\/almarmb.pl\/en\/wp-json\/wp\/v2\/pages\/894\/revisions\/895"}],"wp:attachment":[{"href":"https:\/\/almarmb.pl\/en\/wp-json\/wp\/v2\/media?parent=894"}],"curies":[{"name":"wp","href":"https:\/\/api.w.org\/{rel}","templated":true}]}}